{"id":1903,"date":"2019-02-01T12:56:45","date_gmt":"2019-02-01T11:56:45","guid":{"rendered":"https:\/\/augustuscapital.es\/politica-retributiva\/"},"modified":"2021-06-03T09:15:38","modified_gmt":"2021-06-03T07:15:38","slug":"compensatory-policy","status":"publish","type":"page","link":"https:\/\/augustuscapital.es\/en\/compensatory-policy\/","title":{"rendered":"Compensatory policy"},"content":{"rendered":"<div class=\"fusion-fullwidth fullwidth-box fusion-builder-row-1 nonhundred-percent-fullwidth non-hundred-percent-height-scrolling\" style=\"--awb-border-radius-top-left:0px;--awb-border-radius-top-right:0px;--awb-border-radius-bottom-right:0px;--awb-border-radius-bottom-left:0px;--awb-margin-top:30px;--awb-margin-bottom:30px;--awb-flex-wrap:wrap;\" ><div class=\"fusion-builder-row fusion-row\"><div class=\"fusion-layout-column fusion_builder_column fusion-builder-column-0 fusion_builder_column_1_1 1_1 fusion-one-full fusion-column-first fusion-column-last\" style=\"--awb-bg-size:cover;\"><div class=\"fusion-column-wrapper fusion-flex-column-wrapper-legacy\"><div class=\"fusion-text fusion-text-1\"><h2>Pol\u00edtica retributiva<\/h2>\n<p>La pol\u00edtica retributiva hace referencia al conjunto de principios y directrices con los que cuenta una organizaci\u00f3n para gestionar aquellas materias relacionadas con la remuneraci\u00f3n del personal. Una eficaz pol\u00edtica retributiva debe formar parte de la gesti\u00f3n integral de los recursos humanos y de la propia direcci\u00f3n de la organizaci\u00f3n.<\/p>\n<ul>\n<li>Documento de Pol\u00edtica Retributiva de Augustus Capital Asset Management,\u00a0S.G.I.I.C., S.A.<\/li>\n<\/ul>\n<p style=\"padding-left: 40px;\"><a href=\"https:\/\/augustuscapital.es\/wp-content\/uploads\/2021\/06\/POLITICA-RETRIBUTIVA-AUGUSTUS-2021-1.pdf\">DESCARGAR<\/a><\/p>\n<\/div><div class=\"fusion-clearfix\"><\/div><\/div><\/div><\/div><\/div>\n","protected":false},"excerpt":{"rendered":"","protected":false},"author":4,"featured_media":0,"parent":0,"menu_order":0,"comment_status":"closed","ping_status":"closed","template":"","meta":{"_monsterinsights_skip_tracking":false,"_monsterinsights_sitenote_active":false,"_monsterinsights_sitenote_note":"","_monsterinsights_sitenote_category":0,"footnotes":""},"class_list":["post-1903","page","type-page","status-publish","hentry"],"aioseo_notices":[],"_links":{"self":[{"href":"https:\/\/augustuscapital.es\/en\/wp-json\/wp\/v2\/pages\/1903","targetHints":{"allow":["GET"]}}],"collection":[{"href":"https:\/\/augustuscapital.es\/en\/wp-json\/wp\/v2\/pages"}],"about":[{"href":"https:\/\/augustuscapital.es\/en\/wp-json\/wp\/v2\/types\/page"}],"author":[{"embeddable":true,"href":"https:\/\/augustuscapital.es\/en\/wp-json\/wp\/v2\/users\/4"}],"replies":[{"embeddable":true,"href":"https:\/\/augustuscapital.es\/en\/wp-json\/wp\/v2\/comments?post=1903"}],"version-history":[{"count":0,"href":"https:\/\/augustuscapital.es\/en\/wp-json\/wp\/v2\/pages\/1903\/revisions"}],"wp:attachment":[{"href":"https:\/\/augustuscapital.es\/en\/wp-json\/wp\/v2\/media?parent=1903"}],"curies":[{"name":"wp","href":"https:\/\/api.w.org\/{rel}","templated":true}]}}