{"id":1896,"date":"2018-12-20T08:28:27","date_gmt":"2018-12-20T07:28:27","guid":{"rendered":"https:\/\/augustuscapital.es\/mg-lierde-plan-de-pensiones-bolsa\/"},"modified":"2025-07-08T18:37:12","modified_gmt":"2025-07-08T16:37:12","slug":"mg-lierde-plan-de-pensiones-bolsa","status":"publish","type":"page","link":"https:\/\/augustuscapital.es\/en\/mg-lierde-plan-de-pensiones-bolsa\/","title":{"rendered":"MG LIERDE &#8211; Plan de Pensiones Bolsa"},"content":{"rendered":"<p><div class=\"fusion-fullwidth fullwidth-box fusion-builder-row-1 fusion-parallax-none nonhundred-percent-fullwidth non-hundred-percent-height-scrolling lazyload\" style=\"--awb-background-blend-mode:overlay;--awb-border-radius-top-left:0px;--awb-border-radius-top-right:0px;--awb-border-radius-bottom-right:0px;--awb-border-radius-bottom-left:0px;--awb-padding-top:50px;--awb-padding-bottom:50px;--awb-margin-bottom:30px;--awb-background-color:rgba(0,0,0,0.24);--awb-background-size:cover;--awb-flex-wrap:wrap;\" data-bg=\"https:\/\/augustuscapital.es\/wp-content\/uploads\/2019\/03\/bg.jpg\" ><div class=\"fusion-builder-row fusion-row\"><div class=\"fusion-layout-column fusion_builder_column fusion-builder-column-0 fusion_builder_column_1_1 1_1 fusion-one-full fusion-column-first fusion-column-last\" style=\"--awb-bg-size:cover;--awb-margin-bottom:0px;\"><div class=\"fusion-column-wrapper fusion-flex-column-wrapper-legacy\"><div class=\"fusion-title title fusion-title-1 fusion-sep-none fusion-title-text fusion-title-size-one\" style=\"--awb-text-color:#ffffff;\"><h1 class=\"fusion-title-heading title-heading-left\" style=\"margin:0;\">MG LIERDE &#8211; Plan de Pensiones Bolsa<\/h1><\/div><div class=\"fusion-clearfix\"><\/div><\/div><\/div><\/div><\/div><div class=\"fusion-fullwidth fullwidth-box fusion-builder-row-2 nonhundred-percent-fullwidth non-hundred-percent-height-scrolling fusion-equal-height-columns\" style=\"--awb-border-radius-top-left:0px;--awb-border-radius-top-right:0px;--awb-border-radius-bottom-right:0px;--awb-border-radius-bottom-left:0px;--awb-flex-wrap:wrap;\" ><div class=\"fusion-builder-row fusion-row\"><div class=\"fusion-layout-column fusion_builder_column fusion-builder-column-1 fusion_builder_column_1_2 1_2 fusion-one-half fusion-column-first liquidativo-container fusion-column-inner-bg-wrapper\" style=\"--awb-padding-top:30px;--awb-padding-right:50px;--awb-padding-bottom:30px;--awb-padding-left:50px;--awb-inner-bg-color:#eff0f4;--awb-inner-bg-color-hover:#eff0f4;--awb-inner-bg-size:cover;width:50%;width:calc(50% - ( ( 2% ) * 0.5 ) );margin-right: 2%;\"><span class=\"fusion-column-inner-bg hover-type-none\"><a class=\"fusion-column-anchor\" href=\"https:\/\/augustuscapital.es\/lierde-sicav\/\"><span class=\"fusion-column-inner-bg-image\"><\/span><\/a><\/span><div class=\"fusion-column-wrapper fusion-flex-column-wrapper-legacy\"><div class=\"fusion-builder-row fusion-builder-row-inner fusion-row\"><div class=\"fusion-layout-column fusion_builder_column_inner fusion-builder-nested-column-0 fusion_builder_column_inner_2_3 2_3 fusion-two-third fusion-column-first\" style=\"--awb-bg-size:cover;--awb-margin-bottom:0px;width:66.666666666667%;width:calc(66.666666666667% - ( ( 4% ) * 0.66666666666667 ) );margin-right: 4%;\"><div class=\"fusion-column-wrapper fusion-flex-column-wrapper-legacy\"><div class=\"fusion-title title fusion-title-2 fusion-sep-none fusion-title-text fusion-title-size-three\" style=\"--awb-margin-top:0px;--awb-margin-bottom:0px;\"><h3 class=\"fusion-title-heading title-heading-left\" style=\"margin:0;\"><p class=\"darkblue\" style=\"text-align: left;\"><a href=\"https:\/\/augustuscapital.es\/en\/mg-lierde-plan-de-pensiones-bolsa\/\">MG LIERDE &#8211; P.P. Bolsa<\/a><\/p><\/h3><\/div><div class=\"fusion-clearfix\"><\/div><\/div><\/div><div class=\"fusion-layout-column fusion_builder_column_inner fusion-builder-nested-column-1 fusion_builder_column_inner_1_3 1_3 fusion-one-third fusion-column-last\" style=\"--awb-bg-size:cover;--awb-margin-bottom:0px;width:33.333333333333%;width:calc(33.333333333333% - ( ( 4% ) * 0.33333333333333 ) );\"><div class=\"fusion-column-wrapper fusion-flex-column-wrapper-legacy\"><div class=\"fusion-clearfix\"><\/div><\/div><\/div><\/div><div class=\"fusion-sep-clear\"><\/div><div class=\"fusion-separator fusion-full-width-sep\" style=\"margin-left: auto;margin-right: auto;margin-top:6px;margin-bottom:10px;width:100%;\"><div class=\"fusion-separator-border sep-single sep-solid\" style=\"--awb-height:20px;--awb-amount:20px;--awb-sep-color:#bcc0cc;border-color:#bcc0cc;border-top-width:1px;\"><\/div><\/div><div class=\"fusion-sep-clear\"><\/div>\n<div class=\"table-1\">\n<table width=\"100%\">\n<tbody>\n<tr class=\"fila-fecha\">\n<td><strong>24\/05\/2019<\/strong><\/td>\n<td><\/td>\n<\/tr>\n<tr class=\"fila-liquidativo\">\n<td>Liquidativo<\/td>\n<td style=\"text-align: right;\"><strong>231.20<\/strong><\/td>\n<\/tr>\n<\/tbody>\n<tbody>\n<tr class=\"fila-rentabilidad\">\n<td>Rentabilidad YTD2019<\/td>\n<td class=\"green\" style=\"text-align: right;\"><strong>+12.13 %<\/strong><\/td>\n<\/tr>\n<\/tbody>\n<\/table>\n<\/div>\n<div class=\"fusion-clearfix\"><\/div><\/div><\/div><div class=\"fusion-layout-column fusion_builder_column fusion-builder-column-2 fusion_builder_column_1_2 1_2 fusion-one-half fusion-column-last liquidativo-container\" style=\"--awb-padding-top:20px;--awb-padding-right:50px;--awb-padding-bottom:10px;--awb-padding-left:50px;--awb-bg-color:#eff0f4;--awb-bg-color-hover:#eff0f4;--awb-bg-size:cover;width:50%;width:calc(50% - ( ( 2% ) * 0.5 ) );\"><div class=\"fusion-column-wrapper fusion-flex-column-wrapper-legacy\"><div class=\"fusion-builder-row fusion-builder-row-inner fusion-row\"><div class=\"fusion-layout-column fusion_builder_column_inner fusion-builder-nested-column-2 fusion_builder_column_inner_1_4 1_4 fusion-one-fourth fusion-column-first\" style=\"--awb-padding-top:15px;--awb-bg-size:cover;--awb-margin-bottom:0px;width:25%;width:calc(25% - ( ( 4% ) * 0.25 ) );margin-right: 4%;\"><div class=\"fusion-column-wrapper fusion-flex-column-wrapper-legacy\"><div class=\"fusion-image-element in-legacy-container\" style=\"--awb-max-width:70px;--awb-caption-title-font-family:var(--h2_typography-font-family);--awb-caption-title-font-weight:var(--h2_typography-font-weight);--awb-caption-title-font-style:var(--h2_typography-font-style);--awb-caption-title-size:var(--h2_typography-font-size);--awb-caption-title-transform:var(--h2_typography-text-transform);--awb-caption-title-line-height:var(--h2_typography-line-height);--awb-caption-title-letter-spacing:var(--h2_typography-letter-spacing);\"><span class=\" fusion-imageframe imageframe-none imageframe-1 hover-type-none\"><img decoding=\"async\" width=\"80\" height=\"80\" title=\"rentabilidad\" src=\"data:image\/svg+xml,%3Csvg%20xmlns%3D%27http%3A%2F%2Fwww.w3.org%2F2000%2Fsvg%27%20width%3D%2780%27%20height%3D%2780%27%20viewBox%3D%270%200%2080%2080%27%3E%3Crect%20width%3D%2780%27%20height%3D%2780%27%20fill-opacity%3D%220%22%2F%3E%3C%2Fsvg%3E\" data-orig-src=\"https:\/\/augustuscapital.es\/wp-content\/uploads\/2019\/02\/rentabilidad.png\" alt class=\"lazyload img-responsive wp-image-1778\"\/><\/span><\/div><div class=\"fusion-clearfix\"><\/div><\/div><\/div><div class=\"fusion-layout-column fusion_builder_column_inner fusion-builder-nested-column-3 fusion_builder_column_inner_3_4 3_4 fusion-three-fourth fusion-column-last\" style=\"--awb-bg-size:cover;--awb-margin-bottom:0px;width:75%;width:calc(75% - ( ( 4% ) * 0.75 ) );\"><div class=\"fusion-column-wrapper fusion-flex-column-wrapper-legacy\"><div class=\"fusion-title title fusion-title-3 fusion-sep-none fusion-title-text fusion-title-size-three\" style=\"--awb-margin-bottom:10px;\"><h3 class=\"fusion-title-heading title-heading-left\" style=\"margin:0;\"><p class=\"darkblue\" style=\"text-align: left;\">Rentabilidad media anual del 15%* en los \u00faltimos 25 a\u00f1os<\/p><\/h3><\/div><div class=\"fusion-clearfix\"><\/div><\/div><\/div><\/div><div class=\"fusion-text fusion-text-1\"><p style=\"text-align: justify; font-size: 13px; line-height: 13px; color: #52658f;\">* Rentabilidades pasadas no garantizan rentabilidades futuras. Rentabilidades netas de gastos. La rentabilidad no est\u00e1 garantizada, por lo que es susceptible de variar al alza o a la baja (posibilidad de incurrir en p\u00e9rdidas).<\/p>\n<p style=\"text-align: justify; font-size: 13px; line-height: 13px; color: #52658f;\">Rentabilidad referida a la estrategia que replica este veh\u00edculo.<\/p>\n<\/div><div class=\"fusion-clearfix\"><\/div><\/div><\/div><\/div><\/div><div class=\"fusion-fullwidth fullwidth-box fusion-builder-row-3 nonhundred-percent-fullwidth non-hundred-percent-height-scrolling\" style=\"--awb-border-radius-top-left:0px;--awb-border-radius-top-right:0px;--awb-border-radius-bottom-right:0px;--awb-border-radius-bottom-left:0px;--awb-flex-wrap:wrap;\" ><div class=\"fusion-builder-row fusion-row\"><div class=\"fusion-layout-column fusion_builder_column fusion-builder-column-3 fusion_builder_column_1_1 1_1 fusion-one-full fusion-column-first fusion-column-last\" style=\"--awb-bg-size:cover;\"><div class=\"fusion-column-wrapper fusion-flex-column-wrapper-legacy\"><div class=\"fusion-title title fusion-title-4 fusion-sep-none fusion-title-text fusion-title-size-two\"><h2 class=\"fusion-title-heading title-heading-left\" style=\"margin:0;\">Rentabilidades Hist\u00f3ricas<\/h2><\/div><div class=\"fusion-text fusion-text-2\"><div class=\"visualizer-front-container\" id=\"chart_wrapper_visualizer-1587-842260981\"><style type=\"text\/css\" name=\"visualizer-custom-css\" id=\"customcss-visualizer-1587\">.locker,.locker-loader{position:absolute;top:0;left:0;width:100%;height:100%}.locker{z-index:1000;opacity:.8;background-color:#fff;-ms-filter:\"progid:DXImageTransform.Microsoft.Alpha(Opacity=80)\";filter:alpha(opacity=80)}.locker-loader{z-index:1001;background:url(https:\/\/augustuscapital.es\/wp-content\/plugins\/visualizer\/images\/ajax-loader.gif) no-repeat center center}.dt-button{display:none!important}.visualizer-front-container.visualizer-lazy-render{content-visibility: auto;}.google-visualization-controls-categoryfilter label.google-visualization-controls-label {vertical-align: middle;}.google-visualization-controls-categoryfilter li.goog-inline-block {margin: 0 0.2em;}.google-visualization-controls-categoryfilter li {padding: 0 0.2em;}.visualizer-front-container .dataTables_scrollHeadInner{margin: 0 auto;}.visualizer-editor-front-container{position:relative;width:auto;margin:5%;background:#fff}.visualizer-editor-front{overflow:hidden;width:100%;height:500px}.visualizer-editor-front-actions{padding-bottom:3px}.visualizer-editor-save,.visualizer-editor-cancel{margin:0 4px;padding:2px 15px}.visualizer-cw-error .visualizer-actions{display:none !important;} <\/style><div id=\"visualizer-1587-842260981\" class=\"visualizer-front  visualizer-front-1587\"><\/div><!-- Not showing structured data for chart 1587 because description is empty --><\/div>\n<\/div><div class=\"fusion-clearfix\"><\/div><\/div><\/div><\/div><\/div><div id=\"home-filosofia\" class=\"fusion-container-anchor\"><div class=\"fusion-fullwidth fullwidth-box fusion-builder-row-4 nonhundred-percent-fullwidth non-hundred-percent-height-scrolling\" style=\"--awb-border-radius-top-left:0px;--awb-border-radius-top-right:0px;--awb-border-radius-bottom-right:0px;--awb-border-radius-bottom-left:0px;--awb-flex-wrap:wrap;\" ><div class=\"fusion-builder-row fusion-row\"><div class=\"fusion-layout-column fusion_builder_column fusion-builder-column-4 fusion_builder_column_3_5 3_5 fusion-three-fifth fusion-column-first\" style=\"--awb-bg-size:cover;--awb-margin-bottom:20px;width:60%;width:calc(60% - ( ( 1% ) * 0.6 ) );margin-right: 1%;\"><div class=\"fusion-column-wrapper fusion-flex-column-wrapper-legacy\"><div class=\"fusion-title title fusion-title-5 fusion-sep-none fusion-title-text fusion-title-size-two\" style=\"--awb-margin-top:80px;\"><h2 class=\"fusion-title-heading title-heading-left\" style=\"margin:0;\">Pol\u00edtica de Inversi\u00f3n<\/h2><\/div><div class=\"fusion-text fusion-text-3\"><p>MG LIERDE \u2013 Plan de Pensiones Bolsa es una r\u00e9plica de LIERDE sicav, veh\u00edculo de gesti\u00f3n activa que acumula una amplia trayectoria de 25 a\u00f1os con la misma estrategia y el mismo equipo gestor. Comparte su filosof\u00eda de inversi\u00f3n orientada a la creaci\u00f3n de valor en el largo plazo.<\/p>\n<p>Al menos un 80% de la exposici\u00f3n total se invertir\u00e1 en renta variable de cualquier capitalizaci\u00f3n y sector de emisores\/mercados de la OCDE.<\/p>\n<\/div><div class=\"fusion-sep-clear\"><\/div><div class=\"fusion-separator fusion-full-width-sep\" style=\"margin-left: auto;margin-right: auto;margin-bottom:20px;width:100%;\"><\/div><div class=\"fusion-sep-clear\"><\/div><div class=\"fusion-title title fusion-title-6 fusion-sep-none fusion-title-text fusion-title-size-two\" style=\"--awb-margin-top:80px;\"><h2 class=\"fusion-title-heading title-heading-left\" style=\"margin:0;\">Objetivo de la Gesti\u00f3n<\/h2><\/div><div class=\"fusion-text fusion-text-4\"><p>El objetivo de MG LIERDE \u2013 Plan de Pensiones Bolsa es seguir obteniendo rentabilidades superiores al as de los \u00edndices a largo plazo teniendo siempre presente que la preservaci\u00f3n del capital es condici\u00f3n necesaria en toda inversi\u00f3n.<\/p>\n<p>Este plan de pensiones puede no ser adecuado para inversores que prevean retirar su dinero en un plazo inferior a 5 a\u00f1os.<\/p>\n<\/div><div class=\"fusion-sep-clear\"><\/div><div class=\"fusion-separator fusion-full-width-sep\" style=\"margin-left: auto;margin-right: auto;margin-bottom:20px;width:100%;\"><\/div><div class=\"fusion-sep-clear\"><\/div><div class=\"fusion-builder-row fusion-builder-row-inner fusion-row\"><div class=\"fusion-layout-column fusion_builder_column_inner fusion-builder-nested-column-4 fusion_builder_column_inner_1_1 1_1 fusion-one-full fusion-column-first fusion-column-last fusion-column-inner-bg-wrapper\" style=\"--awb-padding-top:60px;--awb-padding-bottom:60px;--awb-inner-bg-color:rgba(0,0,0,0.25);--awb-inner-bg-color-hover:rgba(0,0,0,0.25);--awb-inner-bg-position:center center;--awb-inner-bg-blend:overlay;--awb-inner-bg-size:cover;\"><span class=\"fusion-column-inner-bg hover-type-zoomin\"><a class=\"fusion-column-anchor\" href=\"https:\/\/augustuscapital.es\/wp-content\/uploads\/2021\/03\/mensual-MG-LIERDE-PP-BOLSA-febrero-2021-.pdf\"><span class=\"fusion-column-inner-bg-image lazyload\" data-bg=\"https:\/\/augustuscapital.es\/wp-content\/uploads\/2019\/03\/comentario-mensual-gb.jpg\"><\/span><\/a><\/span><div class=\"fusion-column-wrapper fusion-column-has-shadow fusion-flex-column-wrapper-legacy fusion-column-has-bg-image\" data-bg-url=\"https:\/\/augustuscapital.es\/wp-content\/uploads\/2019\/03\/comentario-mensual-gb.jpg\"><div class=\"fusion-title title fusion-title-7 fusion-sep-none fusion-title-center fusion-title-text fusion-title-size-two\" style=\"--awb-text-color:#ffffff;--awb-font-size:28px;\"><h2 class=\"fusion-title-heading title-heading-center\" style=\"margin:0;font-size:1em;\">Comentario mensual de los gestores<\/h2><\/div><div class=\"fusion-title title fusion-title-8 fusion-sep-none fusion-title-center fusion-title-text fusion-title-size-five\" style=\"--awb-text-color:#ffffff;\"><h5 class=\"fusion-title-heading title-heading-center\" style=\"margin:0;\"><i class=\"fb-icon-element-1 fb-icon-element fontawesome-icon fa-file-pdf far circle-no fusion-text-flow\" style=\"--awb-font-size:20px;--awb-margin-right:10px;\"><\/i>DESCARGAR \u00daLTIMO INFORME MENSUAL<\/p><\/h5><\/div><div class=\"fusion-clearfix\"><\/div><\/div><\/div><\/div><div class=\"fusion-clearfix\"><\/div><\/div><\/div><div class=\"fusion-layout-column fusion_builder_column fusion-builder-column-5 fusion_builder_column_2_5 2_5 fusion-two-fifth fusion-column-last\" style=\"--awb-padding-left:20px;--awb-bg-size:cover;--awb-border-color:#e7e8ed;--awb-border-left:1px;--awb-border-style:solid;width:40%;width:calc(40% - ( ( 1% ) * 0.4 ) );\"><div class=\"fusion-column-wrapper fusion-flex-column-wrapper-legacy\"><div class=\"fusion-title title fusion-title-9 fusion-sep-none fusion-title-text fusion-title-size-three\" style=\"--awb-margin-bottom:10px;\"><h3 class=\"fusion-title-heading title-heading-left\" style=\"margin:0;\">Datos Fundamentales<\/h3><\/div><div class=\"fusion-text fusion-text-5 datos-producto\"><p><b>Denominaci\u00f3n: <\/b>MG LIERDE \u2013 Plan de Pensiones Bolsa, P.P.<br \/>\n<b>C\u00f3digo PP DGS: <\/b>N2666<br \/>\n<b>Fondo de pensiones: <\/b>MG LIERDE, F.P.<br \/>\n<b>C\u00f3digo FP DGS: <\/b>F0904<br \/>\n<b>Gestora: <\/b>Gespensi\u00f3n Caminos E.G.F.P., S.A.U.<br \/>\n<b>Depositario: <\/b>Santander Security Services S.A.<br \/>\n<b>C\u00f3digo Bloomberg: <\/b>MGLIERD SM EQUITY<\/p>\n<\/div><div class=\"fusion-title title fusion-title-10 fusion-sep-none fusion-title-text fusion-title-size-three\" style=\"--awb-margin-top:40px;--awb-margin-bottom:10px;\"><h3 class=\"fusion-title-heading title-heading-left\" style=\"margin:0;\">Perfil de Inversi\u00f3n<\/h3><\/div><div class=\"fusion-text fusion-text-6 datos-producto\"><p><b>Valor liquidativo: <\/b>Diario<br \/>\n<b>Patrimonio gestionado: <\/b>14 millones de \u20ac (a 30\/04\/2019)<br \/>\n<b>Comisi\u00f3n de gesti\u00f3n: <\/b>1,50% anual<br \/>\n<b>Comisi\u00f3n de depositar\u00eda: <\/b>0,10% anual<br \/>\n<b>Inversi\u00f3n m\u00ednima inicial: <\/b>no existe<\/p>\n<\/div><div class=\"fusion-title title fusion-title-11 fusion-sep-none fusion-title-text fusion-title-size-three\" style=\"--awb-margin-top:40px;--awb-margin-bottom:10px;\"><h3 class=\"fusion-title-heading title-heading-left\" style=\"margin:0;\">Perfil del Plan de Pensiones<\/h3><\/div><div class=\"fusion-text fusion-text-7 datos-producto\"><p><b>Tipo de plan: <\/b>Renta variable europea<br \/>\n<b>Forma jur\u00eddica: <\/b>Fondo de pensiones<br \/>\n<b>Estilo de inversi\u00f3n: <\/b>Value<br \/>\n<b>Categor\u00eda <\/b><b>Morningstar<\/b><b>: <\/b>RV Europa PP<br \/>\n<b>Divisa: <\/b>Euro<br \/>\n<b>Gestores: <\/b>Juan Uguet de Resayre y Carlos Val-Carreres<\/p>\n<\/div><div class=\"fusion-title title fusion-title-12 fusion-sep-none fusion-title-text fusion-title-size-three\" style=\"--awb-margin-top:40px;--awb-margin-bottom:10px;\"><h3 class=\"fusion-title-heading title-heading-left\" style=\"margin:0;\">Documentaci\u00f3n<\/h3><\/div><div class=\"fusion-text fusion-text-8 datos-producto\"><p><b>Documento de datos fundamentales: <\/b><a href=\"https:\/\/augustuscapital.es\/wp-content\/uploads\/2025\/07\/DATOS-FUND-PART-1S-2025-MG.pdf\">PDF<\/a><br \/>\n<b>Especificaciones: <\/b><a href=\"https:\/\/augustuscapital.es\/wp-content\/uploads\/2019\/03\/espeficaciones-MG-Lierde-PP-Bolsa.pdf\">PDF<\/a><br \/>\n<b>\u00daltimo informe mensual: <\/b><a href=\"https:\/\/augustuscapital.es\/wp-content\/uploads\/2021\/03\/mensual-MG-LIERDE-PP-BOLSA-febrero-2021-.pdf\">PDF<\/a><br \/>\n<b>\u00daltimo informe trimestral: <\/b><a href=\"https:\/\/augustuscapital.es\/wp-content\/uploads\/2019\/03\/Informe-segundo-semestre-MG-LIERDE-PP-Bolsa.pdf\">PDF<\/a><br \/>\n<b>Pol\u00edtica de inversi\u00f3n: <\/b><a href=\"https:\/\/augustuscapital.es\/wp-content\/uploads\/2019\/03\/Politica-Inversion-MG-LIERDE-PP-Bolsa.pdf\">PDF<\/a><br \/>\n<b>Reglamento del defensor: <\/b>PDF<br \/>\n<b>Normas de funcionamiento<\/b>: <a href=\"https:\/\/augustuscapital.es\/wp-content\/uploads\/2019\/03\/normas-funcionamiento-MG-LIERDE-PP-Bolsa.pdf\">PDF<\/a><br \/>\n<b>Cuentas anuales: <\/b><a href=\"https:\/\/augustuscapital.es\/wp-content\/uploads\/2025\/05\/CCAA-2024-MG-LIERDE-SIN-ANEXO.pdf\">PDF<\/a><\/p>\n<\/div><div class=\"fusion-clearfix\"><\/div><\/div><\/div><\/div><\/div><\/div><div id=\"Conoce nuestros valores y filosof\u00eda\" class=\"fusion-container-anchor\"><div class=\"fusion-bg-parallax\" data-bg-align=\"center top\" data-direction=\"up\" data-mute=\"false\" data-opacity=\"100\" data-velocity=\"-0.1\" data-mobile-enabled=\"false\" data-break_parents=\"0\" data-bg-image=\"https:\/\/augustuscapital.es\/wp-content\/uploads\/2018\/12\/bg0.jpg\" data-bg-repeat=\"false\" ><\/div><div class=\"fusion-fullwidth fullwidth-box fusion-builder-row-5 fusion-parallax-up nonhundred-percent-fullwidth non-hundred-percent-height-scrolling lazyload\" style=\"--awb-background-position:center top;--awb-border-radius-top-left:0px;--awb-border-radius-top-right:0px;--awb-border-radius-bottom-right:0px;--awb-border-radius-bottom-left:0px;--awb-padding-top:60px;--awb-padding-bottom:60px;--awb-background-size:cover;--awb-flex-wrap:wrap;\" data-bg=\"https:\/\/augustuscapital.es\/wp-content\/uploads\/2018\/12\/bg0.jpg\" ><div class=\"fusion-builder-row fusion-row\"><div class=\"fusion-layout-column fusion_builder_column fusion-builder-column-6 fusion_builder_column_1_2 1_2 fusion-one-half fusion-column-first fusion-column-inner-bg-wrapper\" style=\"--awb-inner-bg-size:cover;width:50%;width:calc(50% - ( ( Conoce nuestros valores y filosof\u00eda ) * 0.5 ) );margin-right: ;\" data-scroll-devices=\"small-visibility,medium-visibility,large-visibility\"><span class=\"fusion-column-inner-bg hover-type-none\"><a class=\"fusion-column-anchor\" href=\"https:\/\/augustuscapital.es\/wp-content\/uploads\/2026\/04\/LIERDE-31-MARZO-2026.pdf\"><span class=\"fusion-column-inner-bg-image\"><\/span><\/a><\/span><div class=\"fusion-column-wrapper fusion-column-has-shadow fusion-flex-column-wrapper-legacy\"><div class=\"fusion-title title fusion-title-13 fusion-sep-none fusion-title-text fusion-title-size-one\"><h1 class=\"fusion-title-heading title-heading-left\" style=\"margin:0;\"><\/h1><\/div><div class=\"fusion-title title fusion-title-14 fusion-sep-none fusion-title-text fusion-title-size-one\"><h1 class=\"fusion-title-heading title-heading-left\" style=\"margin:0;\"><\/h1><\/div><div class=\"fusion-title title fusion-title-15 fusion-sep-none fusion-title-text fusion-title-size-one\"><h1 class=\"fusion-title-heading title-heading-left\" style=\"margin:0;\"><\/h1><\/div><div class=\"fusion-title title fusion-title-16 fusion-sep-none fusion-title-text fusion-title-size-one\"><h1 class=\"fusion-title-heading title-heading-left\" style=\"margin:0;\"><\/h1><\/div><div class=\"fusion-title title fusion-title-17 fusion-sep-none fusion-title-text fusion-title-size-one\"><h1 class=\"fusion-title-heading title-heading-left\" style=\"margin:0;\"><h2><a href=\"https:\/\/augustuscapital.es\/wp-content\/uploads\/2025\/05\/LIERDE-30-ABRIL-2025.pdf\"><span style=\"color: #ffffff;\">Presentaci\u00f3n Lierde<\/span><\/a><\/h2>\n<h4><\/h4>\n<h4><\/h4><\/h1><\/div><div class=\"fusion-button-wrapper\"><a class=\"fusion-button button-flat fusion-button-default-size button-default fusion-button-default button-1 fusion-button-default-span fusion-button-default-type\" target=\"_self\" href=\"https:\/\/augustuscapital.es\/wp-content\/uploads\/2025\/11\/LIERDE-31-OCTUBRE-2025.pdf\"><span class=\"fusion-button-text awb-button__text awb-button__text--default\">DOWNLOAD PDF<\/span><\/a><\/div><div class=\"fusion-clearfix\"><\/div><\/div><\/div><\/div><\/div><\/div>\n<\/p>\n","protected":false},"excerpt":{"rendered":"","protected":false},"author":4,"featured_media":0,"parent":0,"menu_order":0,"comment_status":"closed","ping_status":"closed","template":"100-width.php","meta":{"_monsterinsights_skip_tracking":false,"_monsterinsights_sitenote_active":false,"_monsterinsights_sitenote_note":"","_monsterinsights_sitenote_category":0,"footnotes":""},"class_list":["post-1896","page","type-page","status-publish","hentry"],"aioseo_notices":[],"_links":{"self":[{"href":"https:\/\/augustuscapital.es\/en\/wp-json\/wp\/v2\/pages\/1896","targetHints":{"allow":["GET"]}}],"collection":[{"href":"https:\/\/augustuscapital.es\/en\/wp-json\/wp\/v2\/pages"}],"about":[{"href":"https:\/\/augustuscapital.es\/en\/wp-json\/wp\/v2\/types\/page"}],"author":[{"embeddable":true,"href":"https:\/\/augustuscapital.es\/en\/wp-json\/wp\/v2\/users\/4"}],"replies":[{"embeddable":true,"href":"https:\/\/augustuscapital.es\/en\/wp-json\/wp\/v2\/comments?post=1896"}],"version-history":[{"count":3,"href":"https:\/\/augustuscapital.es\/en\/wp-json\/wp\/v2\/pages\/1896\/revisions"}],"predecessor-version":[{"id":17692,"href":"https:\/\/augustuscapital.es\/en\/wp-json\/wp\/v2\/pages\/1896\/revisions\/17692"}],"wp:attachment":[{"href":"https:\/\/augustuscapital.es\/en\/wp-json\/wp\/v2\/media?parent=1896"}],"curies":[{"name":"wp","href":"https:\/\/api.w.org\/{rel}","templated":true}]}}