{"id":1881,"date":"2018-12-20T08:46:52","date_gmt":"2018-12-20T07:46:52","guid":{"rendered":"https:\/\/augustuscapital.es\/aviso-legal\/"},"modified":"2024-10-15T16:23:52","modified_gmt":"2024-10-15T14:23:52","slug":"legal-notice","status":"publish","type":"page","link":"https:\/\/augustuscapital.es\/en\/legal-notice\/","title":{"rendered":"Legal Notice"},"content":{"rendered":"<div class=\"fusion-fullwidth fullwidth-box fusion-builder-row-1 nonhundred-percent-fullwidth non-hundred-percent-height-scrolling\" style=\"--awb-border-radius-top-left:0px;--awb-border-radius-top-right:0px;--awb-border-radius-bottom-right:0px;--awb-border-radius-bottom-left:0px;--awb-margin-top:30px;--awb-margin-bottom:30px;--awb-flex-wrap:wrap;\" ><div class=\"fusion-builder-row fusion-row\"><div class=\"fusion-layout-column fusion_builder_column fusion-builder-column-0 fusion_builder_column_1_1 1_1 fusion-one-full fusion-column-first fusion-column-last\" style=\"--awb-bg-size:cover;\"><div class=\"fusion-column-wrapper fusion-flex-column-wrapper-legacy\"><div class=\"fusion-text fusion-text-1\"><h2>Legal Notice<\/h2>\n<p><strong>Introducci\u00f3n y Datos Identificativos<\/strong><\/p>\n<p>La p\u00e1gina web www.augustuscapital.es es propiedad de Augustus Capital Asset Management, S.G.I.I.C., S.A., provista con CIF A-99520090, con domicilio en Plaza Arag\u00f3n 10, 10\u00aa planta, 50004 Zaragoza, y se encuentra inscrita en el Registro Mercantil de Zaragoza, tomo 4336, libro 0, folio 1, secci\u00f3n 8, hoja Z 63876, inscripci\u00f3n 1\u00aa., y en el Registro Oficial a cargo de la Comisi\u00f3n Nacional del Mercado de Valores (CNMV) bajo el n\u00famero 270.<\/p>\n<p>Augustus Capital Asset Management, S.G.I.I.C., S.A. y los productos y servicios prestados por \u00e9sta se encuentran sometidos a la legislaci\u00f3n vigente y bajo la supervisi\u00f3n de la CNMV y dem\u00e1s organismos reguladores.<\/p>\n<p><strong>T\u00e9rminos Legales y Condiciones<\/strong><\/p>\n<p>Lea atentamente las siguientes condiciones generales. A trav\u00e9s del acceso a esta p\u00e1gina web www.augustuscapital.es (en adelante, la \u201cWeb\u201d), usted tendr\u00e1 consideraci\u00f3n de usuario (en adelante el \u201cUsuario\u201d). El acceso a alguno de los apartados de esta Web puede estar limitado por cuestiones legales o haberlo impuesto alguna autoridad competente. Si usted se encuentra en esta circunstancia, no tendr\u00e1 acceso a parte o a toda la Web de Augustus Capital Asset Management, S.G.I.I.C., S.A.<\/p>\n<p>Es importante que el Usuario lea atentamente las siguientes condiciones generales dado que el acceso a la Web y los diversos contenidos, datos e informaciones mostradas en la misma implica la aceptaci\u00f3n de todos los t\u00e9rminos y condiciones de la Web. A estos efectos, si los t\u00e9rminos y condiciones no son de su agrado o conformidad, le pedimos que no haga uso de esta ni navegue por sus contenidos. Cada vez que el Usuario visite la Web, le recomendamos que revise de nuevo los t\u00e9rminos y condiciones aqu\u00ed descritos a los efectos de conocer y estar informado en todo momento de cualquier modificaci\u00f3n, actualizaci\u00f3n o eliminaci\u00f3n.<\/p>\n<p>Estas condiciones generales podr\u00e1n ser modificadas a discreci\u00f3n de Augustus Capital Asset Management, S.G.I.I.C., S.A. al tener reservado el derecho, en cualquier momento y sin necesidad de preaviso, de actualizar, modificar o eliminar parte o la totalidad de su contenido, as\u00ed como cualesquiera otras de car\u00e1cter general o particular, pol\u00edticas de uso, as\u00ed como avisos, \u201c<em>disclaimers<\/em>\u201d y contenidos que resulten de aplicaci\u00f3n.<\/p>\n<p><strong>Acceso, Navegaci\u00f3n y Uso de la Web<\/strong><\/p>\n<p>El Usuario reconoce y acepta que el acceso y navegaci\u00f3n por la Web y\/o sus contenidos se realiza de una forma voluntaria y conscientemente, bajo su exclusiva responsabilidad, y se obliga a utilizarla de manera plenamente conforme con las leyes, usos del tr\u00e1fico y las presentes condiciones.<\/p>\n<p>El Usuario se compromete a realizar un uso adecuado y l\u00edcito de la Web y de sus contenidos, evitando la manipulaci\u00f3n, copia, reproducci\u00f3n o distribuci\u00f3n, as\u00ed como el uso o el acceso no autorizado a datos. El Usuario se compromete a no acceder a recursos o \u00e1reas restringidas de la Web, sin que exista una autorizaci\u00f3n previa y escrita derivada de una relaci\u00f3n contractual con Augustus Capital Asset Management, S.G.I.I.C., S.A. a no suprimir, alterar, eludir o manipular cualquier dispositivo de protecci\u00f3n o sistema de seguridad que pueda estar instalados en la Web, provocar da\u00f1os en los sistemas de la Web o acceder al c\u00f3digo fuente o a los dispositivos de Augustus Capital Asset Management, S.G.I.I.C., S.A. o sus proveedores, as\u00ed como a no utilizar como propia o de terceros cualquier referencia a la Web o contenidos de la misma sin que exista una autorizaci\u00f3n previa y por escrito de Augustus Capital Asset Management, S.G.I.I.C., S.A.<\/p>\n<p>En la utilizaci\u00f3n de la Web y sus contenidos, el Usuario se compromete a no llevar a cabo ninguna conducta que pudiera da\u00f1ar la imagen, los intereses y los derechos de Augustus Capital Asset Management, S.G.I.I.C., S.A. o de terceros o que pudiera da\u00f1ar, inutilizar o sobrecargar la Web, o que impidiera, de cualquier forma, la normal utilizaci\u00f3n de la Web.<\/p>\n<p><strong>Contenido<\/strong><\/p>\n<p>Augustus Capital Asset Management, S.G.I.I.C., S.A. ha obtenido la informaci\u00f3n y los materiales incluidos en la Web de fuentes consideradas como fiables, por lo que Augustus Capital Asset Management, S.G.I.I.C., S.A. no garantiza que dicha informaci\u00f3n y materiales sean exactos, completos y\/o est\u00e9n actualizados. Augustus Capital Asset Management, S.G.I.I.C., S.A. declina expresamente cualquier responsabilidad por error u omisi\u00f3n en la informaci\u00f3n contenida en la Web. Consecuentemente, el contenido de la Web es meramente informativo y no vinculante.<\/p>\n<p>Augustus Capital Asset Management, S.G.I.I.C., S.A. se reserva el derecho, en cualquier momento y sin necesidad de preaviso, a modificar la estructura, la presentaci\u00f3n, la configuraci\u00f3n y localizaci\u00f3n de la Web, los v\u00ednculos o la informaci\u00f3n obtenida a trav\u00e9s de ella, as\u00ed como a suspender, interrumpir o dejar de operar el servicio temporal o definitivamente, renunciando el Usuario a reclamar por cualquiera de estas circunstancias y exonerando con ello de cualquier tipo de responsabilidad que de ello pudiera derivarse.<\/p>\n<p>La informaci\u00f3n contenida en esta Web se publica para su utilizaci\u00f3n general y no tiene en cuenta objetivos espec\u00edficos de inversi\u00f3n, situaci\u00f3n financiera o necesidades particulares del Usuario. Esta Web no proporciona ning\u00fan tipo de recomendaci\u00f3n de inversi\u00f3n, ni asesoramiento de ninguna clase por lo que nada de lo que en ella se incluye debe ser tomado como base para la realizaci\u00f3n de inversiones o toma de decisiones.<\/p>\n<p>Augustus Capital Asset Management, S.G.I.I.C., S.A. le informa que en relaci\u00f3n con las inversiones se puede perder parte o la totalidad de la inversi\u00f3n realizada y que los rendimientos obtenidos en el pasado no son indicativos de rendimientos futuros.<\/p>\n<p>Por lo tanto, y afectos aclaratorios, los contenidos de esta Web tienen \u00fanicamente finalidad informativa y, bajo ninguna circunstancia, deben usarse ni considerarse como oferta de venta, solicitud de una oferta de compra ni recomendaci\u00f3n para realizar cualquier otra transacci\u00f3n, salvo que as\u00ed se indique expresamente. Cualquier decisi\u00f3n de compra por parte del Usuario o receptor, deber\u00eda adoptarse teniendo en cuenta la informaci\u00f3n p\u00fablica existente sobre el instrumento financiero, y en su caso, atendiendo al contenido del folleto registrado en la CNMV (www.cnmv.es). Augustus Capital Asset Management, S.G.I.I.C., S.A. recomienda que antes de tomar una decisi\u00f3n de inversi\u00f3n, se obtenga el asesoramiento profesional adecuado y espec\u00edfico.<\/p>\n<p><strong>Enlaces<\/strong><\/p>\n<p>En el supuesto de que la Web dispusiese enlaces o hiperv\u00ednculos hac\u00eda otros sitios de Internet, Augustus Capital Asset Management, S.G.I.I.C., S.A. no ejercer\u00e1 ning\u00fan tipo de control sobre dichos sitios y contenidos. Augustus Capital Asset Management, S.G.I.I.C., S.A. no controla ni es responsable de dichas p\u00e1ginas ni de su contenido. Augustus Capital Asset Management, S.G.I.I.C., S.A. tiene la obligaci\u00f3n de proteger su reputaci\u00f3n y marcas registradas y se reserva el derecho a exigir que se elimine cualquier enlace a nuestra Web.<\/p>\n<p>Igualmente, la inclusi\u00f3n en la Web de estas conexiones externas no implicar\u00e1 ning\u00fan tipo de patrocinio, recomendaci\u00f3n, asociaci\u00f3n o participaci\u00f3n con las entidades conectadas.<\/p>\n<p><strong>Propiedad Industrial e Intelectual<\/strong><\/p>\n<p>Augustus Capital Asset Management, S.G.I.I.C., S.A. es de forma directa o indirecta, titular de todos los derechos de propiedad intelectual o derechos comparables comprendidos en la Web, como de sus textos, dise\u00f1o gr\u00e1fico, c\u00f3digos u otros elementos, por lo que la copia, reproducci\u00f3n, distribuci\u00f3n, comunicaci\u00f3n p\u00fablica y transformaci\u00f3n de los mismos deber\u00e1 ser autorizada previa y expresamente por escrito por Augustus Capital Asset Management, S.G.I.I.C., S.A.<\/p>\n<p>Las marcas, nombres comerciales, signos distintivos de cualquier clase y nombres de dominio contenidos en el Web est\u00e1n registrados Augustus Capital Asset Management, S.G.I.I.C., S.A. y protegidos por ley.<\/p>\n<p>Los signos distintivos y nombres de dominio que, en su caso, aparezcan en estas p\u00e1ginas web y se utilicen para identificar a otros proveedores de bienes o servicios, pertenecer\u00e1n a sus respectivos propietarios. Nada de lo contenido en estas p\u00e1ginas web ser\u00e1 interpretado como renuncia o cesi\u00f3n a los derechos que corresponden a Augustus Capital Asset Management, S.G.I.I.C., S.A. o a otros proveedores derivados de la propiedad intelectual o industrial o de derechos comparables sobre los bienes que sus respectivas normas regulan.<\/p>\n<p>Debido a que el contenido de la Web est\u00e1 protegido por derechos de autor, el uso no autorizado de los materiales que se encuentren en la misma puede constituir una infracci\u00f3n de las leyes de propiedad intelectual e industrial o de otro tipo. En caso de que un Usuario descargue los materiales de la Web para uso personal o no comercial, \u00e9ste ha de mantener todos los avisos sobre derechos de autor, marcas registradas o de tipo similar que se encuentren en los materiales originales o en las copias de estos. No est\u00e1 permitido modificar ni reproducir los materiales de la Web, exhibirlos p\u00fablicamente, distribuirlos ni usarlos para fines p\u00fablicos o comerciales.<\/p>\n<p><strong>Responsabilidades, Exclusiones y Garant\u00edas<\/strong><\/p>\n<p>Augustus Capital Asset Management, S.G.I.I.C., S.A. no se hace responsable de la utilizaci\u00f3n y\/o uso, ya sea fraudulento o no, que de la Web o cualquiera de sus contenidos, datos e informaciones pudiera hacer el Usuario o terceros con fines particulares o espec\u00edficos, ni se responsabiliza de las consecuencias que pudieran derivarse de errores existentes, omisiones o inexactitudes, ni las de las opiniones expresadas en la Web o por cualquier otro medio.<\/p>\n<p>Augustus Capital Asset Management, S.G.I.I.C., S.A. no se hace responsable de los da\u00f1os o perjuicios directos o indirectos que pudiera conllevar gastos o reclamaciones ya sea por el uso o utilizaci\u00f3n de la Web, de su contenido o de sus datos e informaciones, incluida los da\u00f1os a sistemas inform\u00e1ticos, la introducci\u00f3n de virus o la instalaci\u00f3n de programas. Augustus Capital Asset Management, S.G.I.I.C., S.A. le informa que, si bien dispone de la arquitectura tecnol\u00f3gica, de medidas de protecciones suficientes y adecuadas y que utiliza sistemas y programas para su detecci\u00f3n y\/o eliminaci\u00f3n, no puede controlar, ni garantizar con absoluta fiabilidad la ausencia de virus inform\u00e1ticos o programas en los servicios prestados a trav\u00e9s de la Web.<\/p>\n<p>Augustus Capital Asset Management, S.G.I.I.C., S.A. no asume responsabilidad alguna derivada de la conexi\u00f3n, de los contenidos o de los servicios disponibles en los sitios enlazados a los que hace referencia en la Web o del funcionamiento o enlaces en p\u00e1ginas de terceros en relaci\u00f3n con la misma. Augustus Capital Asset Management, S.G.I.I.C., S.A. le informa que pone a disposici\u00f3n del Usuario enlaces previamente comprobados y que lo hace bajo la premisa de que cumplen con la legislaci\u00f3n vigente. No obstante, en ning\u00fan caso, Augustus Capital Asset Management, S.G.I.I.C., S.A. se hace responsable, ni aprueba, ni asume como propios los contenidos de dichos enlaces. El Usuario queda informado que el uso de conexi\u00f3n y sus contenidos ya sea directa, por v\u00ednculo o cualquier otro medio es realizado por voluntad y riesgo exclusivo suyo y que en ning\u00fan caso Augustus Capital Asset Management, S.G.I.I.C., S.A. es responsable de cualquier p\u00e9rdida, da\u00f1o o reclamaci\u00f3n que el uso o utilizaci\u00f3n o en su caso el no uso o utilizaci\u00f3n de los mismos por interrupci\u00f3n del servicio o acceso pudiera causarle. Consecuentemente, Augustus Capital Asset Management, S.G.I.I.C., S.A. no asumir\u00e1 responsabilidad alguna por los contenidos de alg\u00fan enlace perteneciente a un sitio web ajeno, ni garantizar\u00e1 la disponibilidad t\u00e9cnica, calidad, fiabilidad, exactitud, amplitud, veracidad, validez y constitucionalidad de cualquier material o informaci\u00f3n contenida en ninguno de dichos hiperv\u00ednculos u otros sitios de Internet.<\/p>\n<p>Augustus Capital Asset Management, S.G.I.I.C., S.A. no se responsabiliza de p\u00e9rdida, da\u00f1o o perjuicio que pudiera derivarse del acceso por parte de terceros no autorizados a la informaci\u00f3n disponible a trav\u00e9s del servicio Web.<\/p>\n<p>Augustus Capital Asset Management, S.G.I.I.C., S.A. no garantiza el funcionamiento ininterrumpido o libre de errores de su Web, ni de las l\u00edneas, ni del software que soporta la Web o sus contenidos y se reserva el derecho a suspender temporal o definitivamente, sin necesidad de aviso previo, la accesibilidad o disponibilidad de contenidos, datos o informaciones. Augustus Capital Asset Management, S.G.I.I.C., S.A. le informa que pondr\u00e1 todos los medios t\u00e9cnicos y humanos de que disponga y desarrollar\u00e1 todos los esfuerzos precisos y necesarios, una vez detecte las incidencias o le sean notificadas por terceros, para evitarlas y en su caso, subsanarlas o eliminarlas a la mayor brevedad posible.<\/p>\n<p>En ning\u00fan caso, Augustus Capital Asset Management, S.G.I.I.C., S.A., sus administradores, empleados, agentes y personal autorizado ser\u00e1n responsables de ning\u00fan da\u00f1o o perjuicio, directo, indirecto, incidental, especial, punitivo, consecuente o de otro tipo (incluyendo, sin limitarse a ello, la responsabilidad por p\u00e9rdida de uso, informaci\u00f3n o ganancias), con independencia de la forma de cualquier acci\u00f3n, incluyendo sin limitarse a ello, la contractual, por negligencia u otros agravios, que surjan debido a la Web o en conexi\u00f3n con \u00e9sta, sus contenidos o la informaci\u00f3n a la que se acceda a trav\u00e9s de ella, o por su copia, exhibici\u00f3n o cualquier otro uso que se haga de la misma.<\/p>\n<p><strong>Ley aplicable y jurisdicci\u00f3n<\/strong><\/p>\n<p>Las presentes condiciones de la Web se rigen por la ley espa\u00f1ola, sin perjuicio de la aplicaci\u00f3n de las normas de derecho necesario de otros Pa\u00edses que resulten aplicables de acuerdo con el derecho internacional privado.<\/p>\n<p>Augustus Capital Asset Management, S.G.I.I.C., S.A. y el Usuario, con renuncia expresa a cualquier otro fuero que pudiera corresponderles, acuerdan que cualquier controversia que pudiera derivarse del acceso o la utilizaci\u00f3n de la Web se someta a la exclusiva jurisdicci\u00f3n de los Juzgados y Tribunales de Zaragoza, sin perjuicio de las normas de derecho internacional privado.<\/p>\n<\/div>\n<div class=\"table-1\">\n<p><strong>Informaci\u00f3n B\u00e1sica sobre Protecci\u00f3n de Datos<\/strong><\/p>\n<table width=\"100%\">\n<thead>\n<tr>\n<td align=\"left\"><strong>*Responsable*\u00a0<\/strong><\/td>\n<td align=\"left\">AUGUSTUS CAPITAL ASSET MANAGEMENT, S.G.I.I.C., S.A.<\/p>\n<hr \/>\n<\/td>\n<td align=\"left\"><\/td>\n<td align=\"left\"><\/td>\n<\/tr>\n<tr>\n<td align=\"left\"><strong>*Finalidad*\u00a0<\/strong><\/td>\n<td style=\"text-align: justify;\" align=\"left\">El mantenimiento de la comunicaci\u00f3n entre ambas partes, la resoluci\u00f3n de dudas y consultas planteadas, y para facilitar el acceso a nuestros clientes y contactos a informaci\u00f3n referente a nuestros servicios.<\/p>\n<hr \/>\n<\/td>\n<td align=\"left\"><\/td>\n<td align=\"left\"><\/td>\n<\/tr>\n<tr>\n<td align=\"left\"><strong>*Legitimaci\u00f3n* <\/strong><\/td>\n<td style=\"text-align: justify;\" align=\"left\">Consentimiento del interesado o de su representante legal al rellenar el formulario de la petici\u00f3n o consulta que el mismo realiza, o al contactar a trav\u00e9s de cualquiera de los enlaces a correo electr\u00f3nico de contacto facilitados en la p\u00e1gina.<\/p>\n<hr \/>\n<\/td>\n<td align=\"left\"><\/td>\n<td align=\"left\"><\/td>\n<\/tr>\n<tr>\n<td align=\"left\"><strong>*Destinatarios*<\/strong><\/td>\n<td align=\"left\">Los datos personales que usted ha facilitado tienen como \u00fanico destinatario a AUGUSTUS CAPITAL ASSET MANAGEMENT, S.G.I.I.C., S.A.<br \/>\nNo se prev\u00e9n cesiones de datos.<br \/>\nNo se prev\u00e9 la transferencia internacional de sus datos personales.<\/p>\n<hr \/>\n<\/td>\n<td align=\"left\"><\/td>\n<td align=\"left\"><\/td>\n<\/tr>\n<tr>\n<td align=\"left\"><strong>*Derechos*<\/strong><\/td>\n<td style=\"text-align: justify;\" align=\"left\">Tiene derecho a acceder, rectificar y suprimir los datos, as\u00ed como otros derechos, como se explica en la informaci\u00f3n adicional, contactando con AUGUSTUS CAPITAL ASSET MANAGEMENT, S.G.I.I.C., S.A., PLAZA ARAG\u00d3N N\u00ba 10, 10\u00aa PLANTA, 50004, ZARAGOZA (ZARAGOZA) , delegadopd@augustuscapital.es<\/p>\n<hr \/>\n<\/td>\n<td align=\"left\"><\/td>\n<td align=\"left\"><\/td>\n<\/tr>\n<tr>\n<td align=\"left\"><strong>*Informaci\u00f3n Adicional*<\/strong><\/td>\n<td style=\"text-align: justify;\" align=\"left\">Puede consultar la *INFORMACI\u00d3N ADICIONAL SOBRE PROTECCI\u00d3N DE DATOS* en: www.augustuscapital.es\/proteccion-de-datos\/<\/td>\n<td align=\"left\"><\/td>\n<td align=\"left\"><\/td>\n<\/tr>\n<\/thead>\n<tbody>\n<tr>\n<td align=\"left\"><\/td>\n<td align=\"left\">\n<hr \/>\n<\/td>\n<td align=\"left\"><\/td>\n<td align=\"left\"><\/td>\n<\/tr>\n<tr>\n<td align=\"left\"><\/td>\n<td align=\"left\"><\/td>\n<\/tr>\n<tr>\n<td align=\"left\"><\/td>\n<td align=\"left\"><\/td>\n<\/tr>\n<\/tbody>\n<\/table>\n<\/div>\n<div class=\"fusion-text fusion-text-2\"><p><strong>Ley de la Sociedad de la Informaci\u00f3n y Comercio Electr\u00f3nico<\/strong><\/p>\n<p style=\"text-align: justify;\">En cumplimiento de la Ley 34\/2002 de 11 de Julio, de Servicios de la Sociedad de la Informaci\u00f3n y de Comercio Electr\u00f3nico, y la Ley 32\/2003, de 3 de noviembre, General de Telecomunicaciones se informa a los usuarios que el env\u00edo de los formularios o correos electr\u00f3nicos implicar\u00e1 el consentimiento expreso para recibir comunicaciones comerciales de AUGUSTUS CAPITAL ASSET MANAGEMENT, S.G.I.I.C., S.A. mediante correo electr\u00f3nico o cualquier otro medio electr\u00f3nico de comunicaci\u00f3n. No obstante, si no desea seguir recibiendo comunicaciones comerciales puede comunicarlo en PLAZA ARAG\u00d3N N\u00ba 10, 10\u00aa PLANTA, 50004, ZARAGOZA (ZARAGOZA) , delegadopd@augustuscapital.es.<\/p>\n<\/div><div class=\"fusion-clearfix\"><\/div><\/div><\/div><\/div><\/div>\n","protected":false},"excerpt":{"rendered":"","protected":false},"author":4,"featured_media":0,"parent":0,"menu_order":0,"comment_status":"closed","ping_status":"closed","template":"","meta":{"_monsterinsights_skip_tracking":false,"_monsterinsights_sitenote_active":false,"_monsterinsights_sitenote_note":"","_monsterinsights_sitenote_category":0,"footnotes":""},"class_list":["post-1881","page","type-page","status-publish","hentry"],"aioseo_notices":[],"_links":{"self":[{"href":"https:\/\/augustuscapital.es\/en\/wp-json\/wp\/v2\/pages\/1881","targetHints":{"allow":["GET"]}}],"collection":[{"href":"https:\/\/augustuscapital.es\/en\/wp-json\/wp\/v2\/pages"}],"about":[{"href":"https:\/\/augustuscapital.es\/en\/wp-json\/wp\/v2\/types\/page"}],"author":[{"embeddable":true,"href":"https:\/\/augustuscapital.es\/en\/wp-json\/wp\/v2\/users\/4"}],"replies":[{"embeddable":true,"href":"https:\/\/augustuscapital.es\/en\/wp-json\/wp\/v2\/comments?post=1881"}],"version-history":[{"count":2,"href":"https:\/\/augustuscapital.es\/en\/wp-json\/wp\/v2\/pages\/1881\/revisions"}],"predecessor-version":[{"id":26228,"href":"https:\/\/augustuscapital.es\/en\/wp-json\/wp\/v2\/pages\/1881\/revisions\/26228"}],"wp:attachment":[{"href":"https:\/\/augustuscapital.es\/en\/wp-json\/wp\/v2\/media?parent=1881"}],"curies":[{"name":"wp","href":"https:\/\/api.w.org\/{rel}","templated":true}]}}